{"id":28,"date":"2023-06-23T10:27:23","date_gmt":"2023-06-23T10:27:23","guid":{"rendered":"https:\/\/horeca-red.com\/?page_id=28"},"modified":"2024-01-24T12:30:22","modified_gmt":"2024-01-24T12:30:22","slug":"contacto","status":"publish","type":"page","link":"https:\/\/forcrew.biz\/es\/contacto\/","title":{"rendered":"Contacto"},"content":{"rendered":"<div id='av_section_1'  class='avia-section av-34k10-261c3223b5ed7007c3d19452f9c6627e main_color avia-section-default avia-no-border-styling  avia-builder-el-0  avia-builder-el-no-sibling  avia-bg-style-scroll container_wrap fullsize'  ><div class='container av-section-cont-open' ><main  role=\"main\" itemprop=\"mainContentOfPage\"  class='template-page content  av-content-full alpha units'><div class='post-entry post-entry-type-page post-entry-28'><div class='entry-content-wrapper clearfix'>\n<div  class='flex_column av-2pz9c-63b6d55a6e465bdd49e4b850a2f5ea1c av_one_full  avia-builder-el-1  el_before_av_one_half  avia-builder-el-first  first flex_column_div  '     ><section  class='av_textblock_section av-lmq8omu5-92b01f60b5f87d41fea61134a2eed2b1 '   itemscope=\"itemscope\" itemtype=\"https:\/\/schema.org\/CreativeWork\" ><div class='avia_textblock'  itemprop=\"text\" ><h1 style=\"text-align: center;\"><strong>Contacto<\/strong><\/h1>\n<\/div><\/section><\/div><div  class='flex_column av-284ig-fa879cbd3004328094a4a8b343d349a8 av_one_half  avia-builder-el-3  el_after_av_one_full  el_before_av_one_half  first flex_column_div  column-top-margin'     ><section  class='av_textblock_section av-lmq8seb3-5b6008ea88b75844c591b46796d062de '   itemscope=\"itemscope\" itemtype=\"https:\/\/schema.org\/CreativeWork\" ><div class='avia_textblock'  itemprop=\"text\" ><h1>Elige la plataforma que conecta a los profesionales con la industria Audiovisual.<\/h1>\n<p><strong>Tecnolog\u00eda<\/strong>, una plataforma digital adaptada al sector que prescinde de arcaicos procesos documentales.<\/p>\n<p><strong>Talento<\/strong>, amplia red de profesionales de tu zona listos para trabajar.<\/p>\n<p><strong>Disponibilidad<\/strong>, servicio 24\/7 los 365 d\u00edas del a\u00f1o. horeca-red, siempre est\u00e1 a tu disposici\u00f3n.<\/p>\n<h3><strong>Si buscas una soluci\u00f3n para gestionar tus necesidades de personal, acceder a nuevo talento, gesti\u00f3nar las altas en SS (ETT), formaciones en PRL de forma f\u00e1cil, segura y econ\u00f3mica For Crew es tu soluci\u00f3n.<\/strong><\/h3>\n<\/div><\/section><\/div><div  class='flex_column av-1n81k-967c302804750b3a0e26432a59512238 av_one_half  avia-builder-el-5  el_after_av_one_half  avia-builder-el-last  flex_column_div  column-top-margin'     ><form action=\"https:\/\/forcrew.biz\/es\/contacto\/\" method=\"post\" data-fields-with-error=\"Found errors in the following field(s):\" class=\"avia_ajax_form av-form-labels-visible   avia-builder-el-6  avia-builder-el-no-sibling  av-custom-form-color av-dark-form \" data-avia-form-id=\"1\" data-avia-redirect='' ><fieldset><p class='  first_form  form_element form_fullwidth' id='element_avia_1_1'><label for=\"avia_1_1\">Nombre y Apellidos <abbr class=\"required\" title=\"requerido\">*<\/abbr><\/label> <input name=\"avia_1_1\" class=\"text_input is_empty\" type=\"text\" id=\"avia_1_1\" value=\"\" \/><\/p><p class='  first_form  form_element form_fullwidth' id='element_avia_2_1'><label for=\"avia_2_1\">Cargo <abbr class=\"required\" title=\"requerido\">*<\/abbr><\/label> <input name=\"avia_2_1\" class=\"text_input is_empty\" type=\"text\" id=\"avia_2_1\" value=\"\" \/><\/p><p class='  first_form  form_element form_fullwidth' id='element_avia_3_1'><label for=\"avia_3_1\">Tel\u00e9fono <abbr class=\"required\" title=\"requerido\">*<\/abbr><\/label> <input name=\"avia_3_1\" class=\"text_input is_empty\" type=\"text\" id=\"avia_3_1\" value=\"\" \/><\/p><p class='  first_form  form_element form_fullwidth' id='element_avia_4_1'><label for=\"avia_4_1\">E-Mail <abbr class=\"required\" title=\"requerido\">*<\/abbr><\/label> <input name=\"avia_4_1\" class=\"text_input is_email\" type=\"text\" id=\"avia_4_1\" value=\"\" \/><\/p><p class='  first_form  form_element form_fullwidth' id='element_avia_5_1'><label for=\"avia_5_1\">Nombre de la empresa <abbr class=\"required\" title=\"requerido\">*<\/abbr><\/label> <input name=\"avia_5_1\" class=\"text_input is_empty\" type=\"text\" id=\"avia_5_1\" value=\"\" \/><\/p><p class='  first_form  form_element form_fullwidth' id='element_avia_6_1'><label for=\"avia_6_1\" class=\"textare_label hidden textare_label_avia_6_1\">Mensaje<\/label><textarea  name=\"avia_6_1\" class=\"text_area \" cols=\"40\" rows=\"7\" id=\"avia_6_1\" ><\/textarea><\/p><p class='  first_form  form_element form_fullwidth av-last-visible-form-element' id='element_avia_7_1'><input  name=\"avia_7_1\" class=\"input_checkbox is_empty\" type=\"checkbox\" id=\"avia_7_1\" value=\"true\"\/><label class=\"input_checkbox_label\" for=\"avia_7_1\">He le\u00eddo y entendido la <a href=\"https:\/\/forcrew.biz\/es\/politica-de-privacidad\/\" target=\"_blank\" rel=\"noopener\">pol\u00edtica de privacidad de datos<\/a>. Doy mi consentimiento para que mi informaci\u00f3n y datos se recopilen y almacenen con el fin de responder a mi solicitud. Nota: Puede revocar su consentimiento en cualquier momento a partir de ahora y en el futuro enviando un retiro a <a href=\"mailto:es.mail@forcrew.biz\">es.mail@forcrew.biz<\/a>. <abbr class=\"required\" title=\"requerido\">*<\/abbr><\/label><\/p><p class=\"hidden\"><input type=\"text\" name=\"avia_8_1\" class=\"hidden \" id=\"avia_8_1\" value=\"\" \/><\/p><p class=\"form_element \"><input type=\"hidden\" value=\"1\" name=\"avia_generated_form1\" \/><input type=\"submit\" value=\"Enviar\" class=\"button\"  data-sending-label=\"Enviando\"\/><\/p><\/fieldset><\/form><div id=\"ajaxresponse_1\" class=\"ajaxresponse ajaxresponse_1 hidden\"><\/div><\/div>\n","protected":false},"excerpt":{"rendered":"","protected":false},"author":1,"featured_media":0,"parent":0,"menu_order":0,"comment_status":"closed","ping_status":"closed","template":"","meta":{"footnotes":""},"class_list":["post-28","page","type-page","status-publish","hentry"],"yoast_head":"<!-- This site is optimized with the Yoast SEO plugin v25.0 - https:\/\/yoast.com\/wordpress\/plugins\/seo\/ -->\n<title>Contacto - forcrew<\/title>\n<meta name=\"robots\" content=\"noindex, follow, max-snippet:-1, max-image-preview:large, max-video-preview:-1\" \/>\n<meta property=\"og:locale\" content=\"es_ES\" \/>\n<meta property=\"og:type\" content=\"article\" \/>\n<meta property=\"og:title\" content=\"Contacto - forcrew\" \/>\n<meta property=\"og:url\" content=\"https:\/\/forcrew.biz\/es\/contacto\/\" \/>\n<meta property=\"og:site_name\" content=\"forcrew\" \/>\n<meta property=\"article:modified_time\" content=\"2024-01-24T12:30:22+00:00\" \/>\n<meta name=\"twitter:card\" content=\"summary_large_image\" \/>\n<meta name=\"twitter:label1\" content=\"Tiempo de lectura\" \/>\n\t<meta name=\"twitter:data1\" content=\"1 minuto\" \/>\n<script type=\"application\/ld+json\" class=\"yoast-schema-graph\">{\"@context\":\"https:\/\/schema.org\",\"@graph\":[{\"@type\":\"WebPage\",\"@id\":\"https:\/\/forcrew.biz\/es\/contacto\/\",\"url\":\"https:\/\/forcrew.biz\/es\/contacto\/\",\"name\":\"Contacto - forcrew\",\"isPartOf\":{\"@id\":\"https:\/\/forcrew.biz\/es\/#website\"},\"datePublished\":\"2023-06-23T10:27:23+00:00\",\"dateModified\":\"2024-01-24T12:30:22+00:00\",\"breadcrumb\":{\"@id\":\"https:\/\/forcrew.biz\/es\/contacto\/#breadcrumb\"},\"inLanguage\":\"es\",\"potentialAction\":[{\"@type\":\"ReadAction\",\"target\":[\"https:\/\/forcrew.biz\/es\/contacto\/\"]}]},{\"@type\":\"BreadcrumbList\",\"@id\":\"https:\/\/forcrew.biz\/es\/contacto\/#breadcrumb\",\"itemListElement\":[{\"@type\":\"ListItem\",\"position\":1,\"name\":\"Home\",\"item\":\"https:\/\/forcrew.biz\/es\/home\/\"},{\"@type\":\"ListItem\",\"position\":2,\"name\":\"Contacto\"}]},{\"@type\":\"WebSite\",\"@id\":\"https:\/\/forcrew.biz\/es\/#website\",\"url\":\"https:\/\/forcrew.biz\/es\/\",\"name\":\"forcrew\",\"description\":\"\",\"potentialAction\":[{\"@type\":\"SearchAction\",\"target\":{\"@type\":\"EntryPoint\",\"urlTemplate\":\"https:\/\/forcrew.biz\/es\/?s={search_term_string}\"},\"query-input\":{\"@type\":\"PropertyValueSpecification\",\"valueRequired\":true,\"valueName\":\"search_term_string\"}}],\"inLanguage\":\"es\"}]}<\/script>\n<!-- \/ Yoast SEO plugin. -->","yoast_head_json":{"title":"Contacto - forcrew","robots":{"index":"noindex","follow":"follow","max-snippet":"max-snippet:-1","max-image-preview":"max-image-preview:large","max-video-preview":"max-video-preview:-1"},"og_locale":"es_ES","og_type":"article","og_title":"Contacto - forcrew","og_url":"https:\/\/forcrew.biz\/es\/contacto\/","og_site_name":"forcrew","article_modified_time":"2024-01-24T12:30:22+00:00","twitter_card":"summary_large_image","twitter_misc":{"Tiempo de lectura":"1 minuto"},"schema":{"@context":"https:\/\/schema.org","@graph":[{"@type":"WebPage","@id":"https:\/\/forcrew.biz\/es\/contacto\/","url":"https:\/\/forcrew.biz\/es\/contacto\/","name":"Contacto - forcrew","isPartOf":{"@id":"https:\/\/forcrew.biz\/es\/#website"},"datePublished":"2023-06-23T10:27:23+00:00","dateModified":"2024-01-24T12:30:22+00:00","breadcrumb":{"@id":"https:\/\/forcrew.biz\/es\/contacto\/#breadcrumb"},"inLanguage":"es","potentialAction":[{"@type":"ReadAction","target":["https:\/\/forcrew.biz\/es\/contacto\/"]}]},{"@type":"BreadcrumbList","@id":"https:\/\/forcrew.biz\/es\/contacto\/#breadcrumb","itemListElement":[{"@type":"ListItem","position":1,"name":"Home","item":"https:\/\/forcrew.biz\/es\/home\/"},{"@type":"ListItem","position":2,"name":"Contacto"}]},{"@type":"WebSite","@id":"https:\/\/forcrew.biz\/es\/#website","url":"https:\/\/forcrew.biz\/es\/","name":"forcrew","description":"","potentialAction":[{"@type":"SearchAction","target":{"@type":"EntryPoint","urlTemplate":"https:\/\/forcrew.biz\/es\/?s={search_term_string}"},"query-input":{"@type":"PropertyValueSpecification","valueRequired":true,"valueName":"search_term_string"}}],"inLanguage":"es"}]}},"_links":{"self":[{"href":"https:\/\/forcrew.biz\/es\/wp-json\/wp\/v2\/pages\/28","targetHints":{"allow":["GET"]}}],"collection":[{"href":"https:\/\/forcrew.biz\/es\/wp-json\/wp\/v2\/pages"}],"about":[{"href":"https:\/\/forcrew.biz\/es\/wp-json\/wp\/v2\/types\/page"}],"author":[{"embeddable":true,"href":"https:\/\/forcrew.biz\/es\/wp-json\/wp\/v2\/users\/1"}],"replies":[{"embeddable":true,"href":"https:\/\/forcrew.biz\/es\/wp-json\/wp\/v2\/comments?post=28"}],"version-history":[{"count":23,"href":"https:\/\/forcrew.biz\/es\/wp-json\/wp\/v2\/pages\/28\/revisions"}],"predecessor-version":[{"id":567,"href":"https:\/\/forcrew.biz\/es\/wp-json\/wp\/v2\/pages\/28\/revisions\/567"}],"wp:attachment":[{"href":"https:\/\/forcrew.biz\/es\/wp-json\/wp\/v2\/media?parent=28"}],"curies":[{"name":"wp","href":"https:\/\/api.w.org\/{rel}","templated":true}]}}